{"id":2364,"date":"2021-03-15T19:30:25","date_gmt":"2021-03-15T18:30:25","guid":{"rendered":"https:\/\/www.stop-genedrives.eu\/artikel-und-beitraege-ueber-stop-gene-drives\/"},"modified":"2023-04-26T15:25:27","modified_gmt":"2023-04-26T13:25:27","slug":"media-coverage","status":"publish","type":"page","link":"https:\/\/www.stop-genedrives.eu\/en\/media-coverage\/","title":{"rendered":"Media coverage"},"content":{"rendered":"<p>[vc_row][vc_column width=&#8221;1\/1&#8243;][vc_column_text uncode_shortcode_id=&#8221;510798&#8243;]<\/p>\n<h1><span class=\"light-yellow\">Media coverage of the Stop Gene Drives Campaign<br \/>\n<\/span><\/h1>\n<p>[\/vc_column_text][vc_column_text]<\/p>\n<h3><strong>This is how the Stop Gene Drive Campaign has been covered in the media. The title links directly to the article.<\/strong><\/h3>\n<p>[\/vc_column_text][\/vc_column][\/vc_row][vc_row][vc_column width=&#8221;1\/1&#8243;][vc_column_text]<\/p>\n<h3>\n<table id=\"tablepress-1\" class=\"tablepress tablepress-id-1\">\n<thead>\n<tr class=\"row-1 odd\">\n\t<th class=\"column-1\">Datum<\/th><th class=\"column-2\">Medium<\/th><th class=\"column-3\">Titel<\/th><th class=\"column-4\">Sprache<\/th>\n<\/tr>\n<\/thead>\n<tbody class=\"row-hover\">\n<tr class=\"row-2 even\">\n\t<td class=\"column-1\">2023\/10\/15<\/td><td class=\"column-2\">ECO<\/td><td class=\"column-3\"><a href=\"https:\/\/cbd-alliance.org\/en\/2023\/eco-issue-sbstta-25-day-1\">Preventing gene drives to become the next invasive alien species<br \/>\n<\/a><\/td><td class=\"column-4\">English<\/td>\n<\/tr>\n<tr class=\"row-3 odd\">\n\t<td class=\"column-1\">2023\/06<\/td><td class=\"column-2\">Forum Umwelt und Entwicklung<\/td><td class=\"column-3\"><a href=\"https:\/\/www.forumue.de\/wp-content\/uploads\/2023\/07\/10_Pilz_Kosmehl_Vielfalt-bewahren-ohne-synthetische-Biologie.pdf\">Vielfalt bewahren ohne synthetische Biologie<br \/>\n<\/a><\/td><td class=\"column-4\">Deutsch<\/td>\n<\/tr>\n<tr class=\"row-4 even\">\n\t<td class=\"column-1\">2023\/03\/27<\/td><td class=\"column-2\">Greendex.hu<\/td><td class=\"column-3\"><a href=\"https:\/\/greendex.hu\/nem-lesz-jo-vege-ha-elkezdunk-istent-jatszani-holnaputan\/\">Nem lesz j\u00f3 v\u00e9ge, ha elkezd\u00fcnk istent j\u00e1tszani!<br \/>\n<\/a><\/td><td class=\"column-4\">Hungarian<\/td>\n<\/tr>\n<tr class=\"row-5 odd\">\n\t<td class=\"column-1\">2022\/10\/19<\/td><td class=\"column-2\">Radio y Televis\u00edon Espanola<\/td><td class=\"column-3\"><a href=\"https:\/\/www.rtve.es\/play\/audios\/boletines-rne\/boletin-rne-19102022-17-00h\/6717158\/\">Petition handover in Madrid<br \/>\n<\/a><\/td><td class=\"column-4\">Espanol<\/td>\n<\/tr>\n<tr class=\"row-6 even\">\n\t<td class=\"column-1\">2022\/08\/22<\/td><td class=\"column-2\">Deutsche Welle<\/td><td class=\"column-3\"><a href=\"https:\/\/www.youtube.com\/watch?v=xAPjCSN0tRs\">We could kill all mosquitoes (but should we?)<br \/>\n<\/a><\/td><td class=\"column-4\">English<\/td>\n<\/tr>\n<tr class=\"row-7 odd\">\n\t<td class=\"column-1\">2022\/06\/25<\/td><td class=\"column-2\">ECO<\/td><td class=\"column-3\"><a href=\"https:\/\/eco2022cbdalliance.blogspot.com\/2022\/06\/sicuri.html\">No environmental release of gene drive organisms<br \/>\n<\/a><\/td><td class=\"column-4\">English<\/td>\n<\/tr>\n<tr class=\"row-8 even\">\n\t<td class=\"column-1\">2022\/06\/22<\/td><td class=\"column-2\">ECO<\/td><td class=\"column-3\"><a href=\"https:\/\/eco2022cbdalliance.blogspot.com\/2022\/06\/capibara.html\">Why horizon scanning and technology assessment is necessary in the post 2020 Global Biodiversity Framework<br \/>\n<\/a><\/td><td class=\"column-4\">English<\/td>\n<\/tr>\n<tr class=\"row-9 odd\">\n\t<td class=\"column-1\">2022\/06\/16<\/td><td class=\"column-2\">D\u00f4le\u017eit\u00e9<\/td><td class=\"column-3\"><a href=\"https:\/\/www.dolezite.sk\/clanky\/moratorium-na-gene-drive-organizmy\">Morat\u00f3rium na \u201cgene drive\u201d organizmy<br \/>\n<\/a><\/td><td class=\"column-4\">Slovakian<\/td>\n<\/tr>\n<tr class=\"row-10 even\">\n\t<td class=\"column-1\">2022\/06\/12<\/td><td class=\"column-2\">Aleph News<\/td><td class=\"column-3\"><a href=\"https:\/\/alephnews.ro\/stiinta\/raport-ca-arma-biologica-editarea-genetica-poate-distruge-specii-si-ecosisteme\/\">Ca arm\u0103 biologic\u0103, editarea genetic\u0103 poate distruge specii \u0219i ecosisteme<br \/>\n<\/a><\/td><td class=\"column-4\">Romanian<\/td>\n<\/tr>\n<tr class=\"row-11 odd\">\n\t<td class=\"column-1\">2022\/06\/08<\/td><td class=\"column-2\">Radio Maryja <\/td><td class=\"column-3\"><a href=\"https:\/\/www.radiomaryja.pl\/informacje\/300-tys-obywateli-mowi-stop-nowym-gmo\/\">300 tys. obywateli m\u00f3wi stop nowym GMO<br \/>\n<\/a><\/td><td class=\"column-4\">Polish<\/td>\n<\/tr>\n<tr class=\"row-12 even\">\n\t<td class=\"column-1\">2022\/06\/07<\/td><td class=\"column-2\">News Buzau<\/td><td class=\"column-3\"><a href=\"https:\/\/www.newsbuzau.ro\/economie\/50345-video-agent-green-si-save-our-seeds-publica-astazi-raportul-asupra-problematicii-organismelor-editate-genetic-oeg-care-reprezinta-o-noua-forma-de-organismele-modificate-genetic-omg-insa-cu-riscuri-mult-mai-mari-din-cauza-posibilitatilor-de-utilizare-ca-ar\">Agent Green \u0219i Save Our Seeds public\u0103 ast\u0103zi un raportul asupra problematicii organismelor editate genetic (OEG), care reprezint\u0103 o nou\u0103 form\u0103 de organisme modificate genetic, \u00eens\u0103 cu riscuri mult mai mari<br \/>\n<\/a><\/td><td class=\"column-4\">Romanian<\/td>\n<\/tr>\n<tr class=\"row-13 odd\">\n\t<td class=\"column-1\">2022\/06\/06<\/td><td class=\"column-2\">Bauernstimme<\/td><td class=\"column-3\"><a href=\"https:\/\/www.bauernstimme.de\/news\/details?tx_ttnews%5btt_news%5d=4763&amp;cHash=db5634873ae9766baaa4ca893d13ab20\">300.000 EU- B\u00fcrger*innen appellieren an Umweltministerin Lemke: Gene Drives stoppen!<br \/>\n<\/a><\/td><td class=\"column-4\">Deutsch<\/td>\n<\/tr>\n<tr class=\"row-14 even\">\n\t<td class=\"column-1\">2022\/05\/31<\/td><td class=\"column-2\">Saarbr\u00fccker Zeitung<\/td><td class=\"column-3\"><a href=\"https:\/\/www.saarbruecker-zeitung.de\/app\/consent\/?ref=https:\/\/www.saarbruecker-zeitung.de\/pr\/presseportal\/appell-an-umweltministerin-lemke-300000-buerger-innen-sagen-nein-zu-gene-drives_aid-70623659#\">Appell an Umweltministerin Lemke: 300.000 B\u00fcrger*innen sagen nein zu Gene Drives <br \/>\n<\/a><\/td><td class=\"column-4\">Deutsch<\/td>\n<\/tr>\n<tr class=\"row-15 odd\">\n\t<td class=\"column-1\">2022\/05\/31<\/td><td class=\"column-2\">Informationsdienst Gentechnik<\/td><td class=\"column-3\"><a href=\"https:\/\/www.keine-gentechnik.de\/nachricht\/34621?cHash=8b1d9ca6d9b9ece6d974c059ba2826f7l\">Appell: 300.000 Menschen gegen Gene Drives<br \/>\n<\/a><\/td><td class=\"column-4\">Deutsch<\/td>\n<\/tr>\n<tr class=\"row-16 even\">\n\t<td class=\"column-1\">2021\/09\/29<\/td><td class=\"column-2\">Frankfurter Rundschau<\/td><td class=\"column-3\"><a href=\"https:\/\/www.fr.de\/meinung\/gastbeitraege\/die-huehnermoerder-91021781.html\">Die H\u00fchnerm\u00f6rder. Die EU-Staaten m\u00fcssen mehr tun, um Klima und Arten zu sch\u00fctzen. Die Analyse.<br \/>\n<\/a><\/td><td class=\"column-4\">Deutsch<\/td>\n<\/tr>\n<tr class=\"row-17 odd\">\n\t<td class=\"column-1\">2021\/09\/22<\/td><td class=\"column-2\">Informationsdienst Gentechnik<\/td><td class=\"column-3\"><a href=\"https:\/\/www.keine-gentechnik.de\/nachricht\/34451\/\">Informationsdienst Gentechnik - Gene Drives und Artenschutz: Weltnaturschutzunion sucht Position <\/a><\/td><td class=\"column-4\">Deutsch<\/td>\n<\/tr>\n<tr class=\"row-18 even\">\n\t<td class=\"column-1\">2021\/09\/14<\/td><td class=\"column-2\">Inf\u2019OGM<\/td><td class=\"column-3\"><a href=\"https:\/\/www.infogm.org\/7250-vers-un-recul-de-uicn-sur-ogm\">Inf\u2019OGM-Vers un recul de l\u2019UICN sur les OGM?<br \/>\n<\/a><\/td><td class=\"column-4\">Franz\u00f6sisch<\/td>\n<\/tr>\n<tr class=\"row-19 odd\">\n\t<td class=\"column-1\">2021\/09\/09<\/td><td class=\"column-2\">The Tico Times<\/td><td class=\"column-3\"><a href=\"https:\/\/ticotimes.net\/2021\/09\/09\/synthetic-biology-makes-ecologists-dream-and-tremble\">The Tico Times - Synthetic biology makes ecologists dream \u2026 and tremble <\/a><br \/>\n<\/td><td class=\"column-4\">Englisch<\/td>\n<\/tr>\n<tr class=\"row-20 even\">\n\t<td class=\"column-1\">2021\/09\/08<\/td><td class=\"column-2\">Die ZEIT<\/td><td class=\"column-3\"><a href=\"https:\/\/www.zeit.de\/2021\/37\/biotechnik-gene-drive-schaedlinge-artenvielfalt-malaria?utm_referrer=https%3A%2F%2Fwww.bing.com%2Fsearch%3Fq%3Dbiotechnik%2Bder%2Bm%25C3%25BCckentod%2Bdie%2Bzeit%26form%3DIENTHT%26mkt%3Dde-de%26httpsmsn%3D1%26msnews%3D1%26refig%3Dbbe001b9a5f246a896c48d010ec922bb%26sp%3D-1%26ghc%3D1%26pq%3Dbiotechnik%2Bder%2Bm%25C3%25BCckentod%2Bdie%2Bzeit%26sc%3D1-33%26qs%3Dn%26sk%3D%26cvid%3Dbbe001b9a5f246a896c48d010ec922bb\">Biotechnik Gene Drive: Das Experiment M\u00fcckentod<br \/>\n<\/a><\/td><td class=\"column-4\">Deutsch<\/td>\n<\/tr>\n<tr class=\"row-21 odd\">\n\t<td class=\"column-1\">2021\/09\/07<\/td><td class=\"column-2\">Deutschlandfunk<\/td><td class=\"column-3\"><a href=\" https:\/\/ondemand-mp3.dradio.de\/file\/dradio\/2021\/09\/07\/gentechnik_gegen_invasive_arten_weltnaturschutzkongress_dlf_20210907_1141_85dfeccd.mp3\">Umwelt und Verbraucher \u2013 Gentechnik gegen invasive Arten? Weltnaturschutzkongress Marseille<br \/>\n<\/a><\/td><td class=\"column-4\">Deutsch<\/td>\n<\/tr>\n<tr class=\"row-22 even\">\n\t<td class=\"column-1\">2021\/09\/02<\/td><td class=\"column-2\">Taz<\/td><td class=\"column-3\"><a href=\"https:\/\/taz.de\/Gentechnik-fuer-Artenvielfalt\/!5793088\/\">Gentechnik f\u00fcr Artenvielfalt: Korallen retten im Labor<br \/>\n<\/a><\/td><td class=\"column-4\">Deutsch<\/td>\n<\/tr>\n<tr class=\"row-23 odd\">\n\t<td class=\"column-1\">2021\/04\/06<\/td><td class=\"column-2\">Topagrar Online<\/td><td class=\"column-3\"><a href=\"https:\/\/www.topagrar.com\/acker\/news\/expertenbericht-deutschland-verpasst-den-anschluss-bei-der-gentechnik-12523854.html\">Expertenbericht: Deutschland verpasst den Anschluss bei der Gentechnik! <\/a><\/td><td class=\"column-4\">Deutsch<\/td>\n<\/tr>\n<tr class=\"row-24 even\">\n\t<td class=\"column-1\">2021\/03\/31<\/td><td class=\"column-2\">Informationsdienst Gentechnik <\/td><td class=\"column-3\"><a href=\"https:\/\/www.keine-gentechnik.de\/nachricht\/34274\/\">Informationsdienst Gentechnik - Europas Verb\u00e4nde fordern: Gentech-Pflanzen nicht deregulieren <\/a><\/td><td class=\"column-4\">Deutsch<\/td>\n<\/tr>\n<tr class=\"row-25 odd\">\n\t<td class=\"column-1\">2021\/02<\/td><td class=\"column-2\">Gen-ethisches Netzwerk e.V.<\/td><td class=\"column-3\"><a href=\"https:\/\/gen-ethisches-netzwerk.de\/genome-editing\/risikodebatte-und-risikomanagement\/256\/gene-drives-die-warteschleife?fbclid=IwAR1Pv0p5yYl3P4RU3Tj7I_pX7SF8r_V6cu7U-hsVp0CHTHof3VLeYIGsASQ\">Gene Drives in die Warteschleife!  Europaweite Umfrage untermauert Forderung nach Moratorium (Magazinbeitrag)<\/a><\/td><td class=\"column-4\">Deutsch<\/td>\n<\/tr>\n<tr class=\"row-26 even\">\n\t<td class=\"column-1\">2021\/01\/29<\/td><td class=\"column-2\">Euractiv.fr<\/td><td class=\"column-3\"><a href=\"https:\/\/www.euractiv.fr\/section\/agriculture-alimentation\/news\/les-europeens-tres-critiques-vis-a-vis-du-forcage-genetique\/\">Les Europ\u00e9ens tr\u00e8s critiques vis-\u00e0-vis du for\u00e7age g\u00e9n\u00e9tique<\/a><\/td><td class=\"column-4\">Franz\u00f6sisch<\/td>\n<\/tr>\n<tr class=\"row-27 odd\">\n\t<td class=\"column-1\">2021\/01\/28<\/td><td class=\"column-2\">agri79.fr<\/td><td class=\"column-3\"><a href=\"https:\/\/www.agri79.fr\/forcage-genetique-70-des-francais-y-seraient-opposes#:~:text=Pr%C3%A8s%20de%2070%20%25%20des%20Fran%C3%A7ais,pays%20de%20l'Union%20Europ%C3%A9enne.\">For\u00e7age g\u00e9n\u00e9tique: 70 % des Fran\u00e7ais y seraient oppos\u00e9s<\/a><\/td><td class=\"column-4\">Franz\u00f6sisch<\/td>\n<\/tr>\n<tr class=\"row-28 even\">\n\t<td class=\"column-1\">2021\/01\/28<\/td><td class=\"column-2\">Informationsdienst Gentechnik<\/td><td class=\"column-3\"><a href=\"https:\/\/www.keine-gentechnik.de\/nachricht\/34215\/\">Umfrage: Wildtiere nicht mit Gene Drives ausrotten <\/a><\/td><td class=\"column-4\">Deutsch<\/td>\n<\/tr>\n<tr class=\"row-29 odd\">\n\t<td class=\"column-1\">2021\/01<\/td><td class=\"column-2\">Kultur &amp; Politik <\/td><td class=\"column-3\"><a href=\"https:\/\/www.stop-genedrives.eu\/das-totalitaere-gen_kulturpolitik_1-2021\/\">Kultur &amp; Politik - Das totalit\u00e4re Gen <\/a><\/td><td class=\"column-4\">Deutsch<\/td>\n<\/tr>\n<tr class=\"row-30 even\">\n\t<td class=\"column-1\">2020\/11\/16<\/td><td class=\"column-2\">Euractiv.com<\/td><td class=\"column-3\"><a href=\"https:\/\/www.euractiv.com\/section\/health-consumers\/news\/further-guidance-required-for-assessment-of-gene-drive-technology-says-efsa\/\">Further guidance required for assessment of gene drive technology, says EFSA<\/a><\/td><td class=\"column-4\">Englisch<\/td>\n<\/tr>\n<tr class=\"row-31 odd\">\n\t<td class=\"column-1\">2020\/11\/09<\/td><td class=\"column-2\">Labiotech.eu<\/td><td class=\"column-3\"><a href=\"https:\/\/www.labiotech.eu\/crispr\/gene-drives-controversy\/\">Gene Drives: A Controversial Tool to Fight Malaria<\/a><\/td><td class=\"column-4\">Englisch<\/td>\n<\/tr>\n<tr class=\"row-32 even\">\n\t<td class=\"column-1\">2020\/10\/15<\/td><td class=\"column-2\">Deutschlandfunk Kultur (Radiointerview)<\/td><td class=\"column-3\"><a href=\"https:\/\/www.deutschlandfunkkultur.de\/programm?drsearch:date=2020-10-15\">Steigende Wanderung von Arten nach Europa mit Gene Drives stoppen?<\/a><\/td><td class=\"column-4\">Deutsch<\/td>\n<\/tr>\n<tr class=\"row-33 odd\">\n\t<td class=\"column-1\">2020\/10<\/td><td class=\"column-2\">Der Rabe Ralf<\/td><td class=\"column-3\"><a href=\"https:\/\/www.grueneliga-berlin.de\/publikationen\/der-rabe-ralf\/aktuelle-ausgabe\/mit-gentechnik-gegen-die-evolution-8\/?fbclid=IwAR1yMWq8mWz65brsxTtJ3TehjdJ3CJSewwv2tf0rGRPCwcs3AV2a667R7Xs\">Interview mit Mareike Imken: Mit Gentechnik gegen die Evolution (Magazinbeitrag)<\/a><\/td><td class=\"column-4\">Deutsch<\/td>\n<\/tr>\n<tr class=\"row-34 even\">\n\t<td class=\"column-1\">2020\/09\/21<\/td><td class=\"column-2\">Inf\u2018OGM<\/td><td class=\"column-3\"><a href=\"https:\/\/www.infogm.org\/7019-forcage-genetique-aesa-ignore-principe-de-precaution?lang=fr\">For\u00e7age g\u00e9n\u00e9tique : l\u2019AESA ignore le principe de pr\u00e9caution<\/a><\/td><td class=\"column-4\">Franz\u00f6sisch<\/td>\n<\/tr>\n<tr class=\"row-35 odd\">\n\t<td class=\"column-1\">2020\/09\/16<\/td><td class=\"column-2\">Taz<\/td><td class=\"column-3\"><a href=\"https:\/\/taz.de\/UN-Bericht-zu-globaler-Biodiversitaet\/!5709830\/\">UN-Bericht zu globaler Biodiversit\u00e4t: Kein einziges Ziel erreicht <\/a><\/td><td class=\"column-4\">Deutsch<\/td>\n<\/tr>\n<tr class=\"row-36 even\">\n\t<td class=\"column-1\">2020\/08\/18<\/td><td class=\"column-2\">Geneticliteracyproject.org<\/td><td class=\"column-3\"><a href=\"https:\/\/geneticliteracyproject.org\/2020\/08\/18\/viewpoint-is-there-a-scientific-basis-to-ban-gene-drive-technology-that-can-rid-us-of-virus-carrying-rodents-and-mosquitoes\/\">Viewpoint: Is there a scientific basis to ban gene drive technology that can rid us of virus-carrying rodents and mosquitoes?<\/a><\/td><td class=\"column-4\">Englisch<\/td>\n<\/tr>\n<tr class=\"row-37 odd\">\n\t<td class=\"column-1\">2020\/07\/24<\/td><td class=\"column-2\">Actuenvironnement.com<\/td><td class=\"column-3\"><a href=\"https:\/\/www.actu-environnement.com\/ae\/news\/forcage-genetique-ogm-interdiction-lettre-ouverte-ong-premier-ministre-35912.php4\">OGM issus du for\u00e7age g\u00e9n\u00e9tique : lettre ouverte de seize ONG \u00e0 Jean Castex<\/a><\/td><td class=\"column-4\">Franz\u00f6sisch<\/td>\n<\/tr>\n<tr class=\"row-38 even\">\n\t<td class=\"column-1\">2020\/07\/13<\/td><td class=\"column-2\">Le Sillon Belge<\/td><td class=\"column-3\"><a href=\"https:\/\/www.sillonbelge.be\/6276\/article\/2020-07-13\/un-moratoire-mondial-sur-lapplication-du-forcage-genetique\">Un moratoire mondial sur l\u2019application du for\u00e7age g\u00e9n\u00e9tique<\/a><\/td><td class=\"column-4\">Franz\u00f6sisch<\/td>\n<\/tr>\n<tr class=\"row-39 odd\">\n\t<td class=\"column-1\">2020\/07\/03<\/td><td class=\"column-2\">Euractiv.com<\/td><td class=\"column-3\"><a href=\"https:\/\/www.euractiv.com\/section\/health-consumers\/news\/ngos-call-for-moratorium-on-controversial-gene-drive-organisms\/\">NGOs call for moratorium on controversial \u2018gene drive organisms\u2019<\/a><\/td><td class=\"column-4\"> Englisch<\/td>\n<\/tr>\n<tr class=\"row-40 even\">\n\t<td class=\"column-1\">2020\/07\/02<\/td><td class=\"column-2\">Informationsdienst Gentechnik<\/td><td class=\"column-3\"><a href=\"https:\/\/www.keine-gentechnik.de\/nachricht\/34048\/\">EU-Kommission soll Gene Drives einen Riegel vorschieben <\/a><\/td><td class=\"column-4\">Deutsch<\/td>\n<\/tr>\n<tr class=\"row-41 odd\">\n\t<td class=\"column-1\">2020\/06\/14<\/td><td class=\"column-2\">Arc2020.eu<\/td><td class=\"column-3\"><a href=\"https:\/\/www.arc2020.eu\/species-extinction-the-case-for-a-global-moratorium-on-gene-drives\/\">Species Extinction &amp; the Case for a Global Moratorium on Gene Drives<\/a><\/td><td class=\"column-4\">Englisch<\/td>\n<\/tr>\n<tr class=\"row-42 even\">\n\t<td class=\"column-1\">2020\/06\/04<\/td><td class=\"column-2\">Tdg.ch<\/td><td class=\"column-3\"><a href=\"https:\/\/www.keine-gentechnik.de\/nachricht\/34048\/\">Berne pri\u00e9e de s\u2019engager contre le for\u00e7age g\u00e9n\u00e9tique<\/a><\/td><td class=\"column-4\">Franz\u00f6sisch<\/td>\n<\/tr>\n<tr class=\"row-43 odd\">\n\t<td class=\"column-1\">2020\/05\/19<\/td><td class=\"column-2\">Euractiv.fr<\/td><td class=\"column-3\"><a href=\"https:\/\/www.euractiv.fr\/section\/agriculture-alimentation\/news\/biodiversite-le-trouble-jeu-du-forcage-genetique\/\">Biodiversit\u00e9: le trouble jeu du for\u00e7age g\u00e9n\u00e9tique<\/a><\/td><td class=\"column-4\">Franz\u00f6sisch<\/td>\n<\/tr>\n<tr class=\"row-44 even\">\n\t<td class=\"column-1\">2020\/01\/23<\/td><td class=\"column-2\">Informationsdienst Gentechnik<\/td><td class=\"column-3\"><a href=\"https:\/\/www.keine-gentechnik.de\/nachricht\/33918\/\">Gene Drives: Europaparlament fordert weltweit Moratorium<\/a><\/td><td class=\"column-4\">Deutsch<\/td>\n<\/tr>\n<tr class=\"row-45 odd\">\n\t<td class=\"column-1\">2020\/01\/16 <\/td><td class=\"column-2\">Kritischer Agrarbericht 2020 <\/td><td class=\"column-3\"><a href=\"https:\/\/www.kritischer-agrarbericht.de\/fileadmin\/Daten-KAB\/KAB-2020\/KAB2020_305_310_Imken_Haerlin.pdf\">Kritischer Agrarbericht 2020 - Gene Drives. Die Gentechnik zum Umbau der Evolution  <\/a><\/td><td class=\"column-4\">Deutsch<\/td>\n<\/tr>\n<tr class=\"row-46 even\">\n\t<td class=\"column-1\">2020\/01<\/td><td class=\"column-2\">Forum Umwelt &amp; Entwicklung <\/td><td class=\"column-3\"><a href=\"https:\/\/www.forumue.de\/wp-content\/uploads\/2019\/03\/16_Mit-Gene-drives-endlich-wirklich-Gott-spielen_Imken.pdf\">Rundbrief Forum Umwelt &amp; Entwicklung 1\/2019 - Mit Gene Drives endlich wirklich Gott spielen<br \/>\n<\/a><\/td><td class=\"column-4\">Deutsch<\/td>\n<\/tr>\n<\/tbody>\n<\/table>\n<\/h3>\n<p>[\/vc_column_text][\/vc_column][\/vc_row]<\/p>\n","protected":false},"excerpt":{"rendered":"<p>[vc_row][vc_column width=&#8221;1\/1&#8243;][vc_column_text uncode_shortcode_id=&#8221;510798&#8243;] Media coverage of the Stop Gene Drives Campaign [\/vc_column_text][vc_column_text] This is how the Stop Gene Drive Campaign [&hellip;]<\/p>\n","protected":false},"author":2,"featured_media":0,"parent":0,"menu_order":29,"comment_status":"closed","ping_status":"closed","template":"","meta":{"om_disable_all_campaigns":false,"_mi_skip_tracking":false},"categories":[],"tags":[],"acf":[],"aioseo_notices":[],"_links":{"self":[{"href":"https:\/\/www.stop-genedrives.eu\/en\/wp-json\/wp\/v2\/pages\/2364"}],"collection":[{"href":"https:\/\/www.stop-genedrives.eu\/en\/wp-json\/wp\/v2\/pages"}],"about":[{"href":"https:\/\/www.stop-genedrives.eu\/en\/wp-json\/wp\/v2\/types\/page"}],"author":[{"embeddable":true,"href":"https:\/\/www.stop-genedrives.eu\/en\/wp-json\/wp\/v2\/users\/2"}],"replies":[{"embeddable":true,"href":"https:\/\/www.stop-genedrives.eu\/en\/wp-json\/wp\/v2\/comments?post=2364"}],"version-history":[{"count":9,"href":"https:\/\/www.stop-genedrives.eu\/en\/wp-json\/wp\/v2\/pages\/2364\/revisions"}],"predecessor-version":[{"id":7326,"href":"https:\/\/www.stop-genedrives.eu\/en\/wp-json\/wp\/v2\/pages\/2364\/revisions\/7326"}],"wp:attachment":[{"href":"https:\/\/www.stop-genedrives.eu\/en\/wp-json\/wp\/v2\/media?parent=2364"}],"wp:term":[{"taxonomy":"category","embeddable":true,"href":"https:\/\/www.stop-genedrives.eu\/en\/wp-json\/wp\/v2\/categories?post=2364"},{"taxonomy":"post_tag","embeddable":true,"href":"https:\/\/www.stop-genedrives.eu\/en\/wp-json\/wp\/v2\/tags?post=2364"}],"curies":[{"name":"wp","href":"https:\/\/api.w.org\/{rel}","templated":true}]}}